{"id":370,"date":"2016-04-25T18:04:39","date_gmt":"2016-04-25T17:04:39","guid":{"rendered":"https:\/\/efisimusi.catedu.es\/?page_id=370"},"modified":"2021-04-12T12:36:37","modified_gmt":"2021-04-12T11:36:37","slug":"xviii-jornadas-provinciales-de-educacion-fisica-y-v-de-musica-2","status":"publish","type":"page","link":"https:\/\/efisimusi.catedu.es\/?page_id=370","title":{"rendered":"JORNADAS VALDERROBRES"},"content":{"rendered":"<p>ABIERTO EL PLAZO DE INSCRIPCI\u00d3N PARA LAS XVIII JORNADAS PROVINCIALES DE EDUCACI\u00d3N F\u00cdSICA Y V DE M\u00daSICA\u00a02016 EN VALDERROBRES<\/p>\n<p>El per\u00edodo de inscripci\u00f3n para las Jornadas de 2016 ha comenzado. Finalizar\u00e1 el <strong>lunes 9 de mayo inclusive<\/strong>.<\/p>\n<p>La lista de admitidos se publicar\u00e1 <strong>el viernes 13 de mayo de 2016<\/strong> en la web de las Jornadas Provinciales de EF y M\u00fasica de Teruel: https:\/\/efisimusi.catedu.es\/<br \/>\n\u25aa Una vez admitido, para que la <strong>inscripci\u00f3n sea v\u00e1lida deber\u00e1 realizarse el ingreso bancario antes\u00a0del mi\u00e9rcoles 18 de mayo. Indicar claramente en concepto<span style=\"text-decoration: underline;\"> NOMBRE Y APELLIDOS<\/span>\u00a0<\/strong>(el justificante se presentar\u00e1 en la recogida de documentaci\u00f3n del primer d\u00eda de las Jornadas). <strong>En caso de no hacerlo se perder\u00e1 la plaza.<\/strong><\/p>\n<p><a href=\"https:\/\/efisimusi.catedu.es\/?page_id=377\">FORMULARIO DE INSCRIPCI\u00d3N<\/a><\/p>\n<p><a href=\"https:\/\/www.google.com\/maps\/d\/edit?mid=zi7TJZ2_mczw.kyG7KYuTX8Rg\" target=\"_blank\" rel=\"noopener\">MAPA DE ACTIVIDADES EN VALDERROBRES<\/a><\/p>\n<p><a href=\"https:\/\/www.google.com\/maps\/d\/edit?mid=zi7TJZ2_mczw.keSUo95yu55Y\" target=\"_blank\" rel=\"noopener\">MAPA TRASLADO PANTANO DE PENA<\/a><\/p>\n","protected":false},"excerpt":{"rendered":"<p>ABIERTO EL PLAZO DE INSCRIPCI\u00d3N PARA LAS XVIII JORNADAS PROVINCIALES DE EDUCACI\u00d3N F\u00cdSICA Y V DE M\u00daSICA\u00a02016 EN VALDERROBRES El per\u00edodo de inscripci\u00f3n para las Jornadas de 2016 ha comenzado. Finalizar\u00e1 el lunes 9 de mayo inclusive. La lista de &hellip; <a href=\"https:\/\/efisimusi.catedu.es\/?page_id=370\">Sigue leyendo <span class=\"meta-nav\">&rarr;<\/span><\/a><\/p>\n","protected":false},"author":951,"featured_media":0,"parent":0,"menu_order":0,"comment_status":"open","ping_status":"closed","template":"","meta":{"_monsterinsights_skip_tracking":false,"_monsterinsights_sitenote_active":false,"_monsterinsights_sitenote_note":"","_monsterinsights_sitenote_category":0,"footnotes":""},"class_list":["post-370","page","type-page","status-publish","hentry"],"_links":{"self":[{"href":"https:\/\/efisimusi.catedu.es\/index.php?rest_route=\/wp\/v2\/pages\/370","targetHints":{"allow":["GET"]}}],"collection":[{"href":"https:\/\/efisimusi.catedu.es\/index.php?rest_route=\/wp\/v2\/pages"}],"about":[{"href":"https:\/\/efisimusi.catedu.es\/index.php?rest_route=\/wp\/v2\/types\/page"}],"author":[{"embeddable":true,"href":"https:\/\/efisimusi.catedu.es\/index.php?rest_route=\/wp\/v2\/users\/951"}],"replies":[{"embeddable":true,"href":"https:\/\/efisimusi.catedu.es\/index.php?rest_route=%2Fwp%2Fv2%2Fcomments&post=370"}],"version-history":[{"count":13,"href":"https:\/\/efisimusi.catedu.es\/index.php?rest_route=\/wp\/v2\/pages\/370\/revisions"}],"predecessor-version":[{"id":610,"href":"https:\/\/efisimusi.catedu.es\/index.php?rest_route=\/wp\/v2\/pages\/370\/revisions\/610"}],"wp:attachment":[{"href":"https:\/\/efisimusi.catedu.es\/index.php?rest_route=%2Fwp%2Fv2%2Fmedia&parent=370"}],"curies":[{"name":"wp","href":"https:\/\/api.w.org\/{rel}","templated":true}]}}