{"id":15,"date":"2013-03-05T18:51:59","date_gmt":"2013-03-05T17:51:59","guid":{"rendered":"https:\/\/efisimusi.catedu.es\/?page_id=15"},"modified":"2021-04-12T12:17:31","modified_gmt":"2021-04-12T11:17:31","slug":"jornadas-anteriores","status":"publish","type":"page","link":"https:\/\/efisimusi.catedu.es\/?page_id=15","title":{"rendered":"JORNADAS ANTERIORES"},"content":{"rendered":"<h2><strong>XVII JORNADAS DE EDUCACI\u00d3N F\u00cdSICA Y IV DE M\u00daSICA DE TERUEL &#8211; TERUEL 2015<\/strong><\/h2>\n<p>Descarga tu programa<a href=\"https:\/\/drive.google.com\/file\/d\/0BxBCPtPiWppmUkJzeDg2YnJHR2c\/view?usp=sharing\"> aqu\u00ed<\/a><\/p>\n<p><strong>ENLACES A LOS MATERIALES DE LAS JORNADAS<\/strong><\/p>\n<p><a href=\"https:\/\/drive.google.com\/folderview?id=0B0aHyIS80voNd2FlMU1qRE9GaFE&amp;usp=sharing\" target=\"_blank\" rel=\"noopener\">INAUGURACI\u00d3N<\/a><\/p>\n<p><a href=\"https:\/\/drive.google.com\/folderview?id=0B0aHyIS80voNTjRmTld5TmlCTkk&amp;usp=sharing\" target=\"_blank\" rel=\"noopener\">PONENCIA LOMCE J. JULI\u00c1N<\/a><\/p>\n<p><a href=\"https:\/\/drive.google.com\/folderview?id=0B0aHyIS80voNZndPWWtIWWxTbGM&amp;usp=sharing\" target=\"_blank\" rel=\"noopener\">MACROTALLER SALSA Y BACHATA<\/a><\/p>\n<p><a href=\"https:\/\/drive.google.com\/folderview?id=0B0aHyIS80voNOWdxOXV3ZDhsdGc&amp;usp=sharing\" target=\"_blank\" rel=\"noopener\">PONENCIA APPS PARA EL AULA DE M\u00daSICA<\/a><\/p>\n<p><a href=\"https:\/\/drive.google.com\/folderview?id=0B0aHyIS80voNRGhaZ0UtcV9EZU0&amp;usp=sharing\" target=\"_blank\" rel=\"noopener\">PONENCIA CURR\u00cdCULO ESO Y BACHILLERATO<\/a><\/p>\n<p><a href=\"https:\/\/drive.google.com\/folderview?id=0B0aHyIS80voNb1BYdXl2Q2FvUTQ&amp;usp=sharing\" target=\"_blank\" rel=\"noopener\">PONENCIA EXPERIENCIAS GT EF<\/a><\/p>\n<p><a href=\"https:\/\/drive.google.com\/folderview?id=0B0aHyIS80voNNEFwR2pkNHZFc0k&amp;usp=sharing\" target=\"_blank\" rel=\"noopener\">PONENCIA MART\u00cdN PINOS<\/a><\/p>\n<p><a href=\"https:\/\/drive.google.com\/folderview?id=0B0aHyIS80voNSjdBZ09BUkh6RFk&amp;usp=sharing\" target=\"_blank\" rel=\"noopener\">TALLER CUENTO MOTOR<\/a><\/p>\n<p><a href=\"https:\/\/drive.google.com\/folderview?id=0B0aHyIS80voNeTRrUlRHSlVyTXc&amp;usp=sharing\" target=\"_blank\" rel=\"noopener\">TALLER DANZAS DEL MUNDO<\/a><\/p>\n<p><a href=\"https:\/\/drive.google.com\/folderview?id=0B0aHyIS80voNd0l1bTBSbE1PSW8&amp;usp=sharing\" target=\"_blank\" rel=\"noopener\">TALLER DEPORTES ALTERNATIVOS<\/a><\/p>\n<p><a href=\"https:\/\/drive.google.com\/folderview?id=0B0aHyIS80voNNG5zTVNFZ1o0alE&amp;usp=sharing\" target=\"_blank\" rel=\"noopener\">TALLER DIVERSIDAD<\/a><\/p>\n<p><a href=\"https:\/\/drive.google.com\/folderview?id=0B0aHyIS80voNd09DR2tWZDJyeEU&amp;usp=sharing\" target=\"_blank\" rel=\"noopener\">TALLER INTERPRETACI\u00d3N INSTRUMENTAL EN EL AULA<\/a><\/p>\n<p><a href=\"https:\/\/drive.google.com\/folderview?id=0B0aHyIS80voNV3JPVlhVY2lKcW8&amp;usp=sharing\" target=\"_blank\" rel=\"noopener\">TALLER PERCUSI\u00d3N E INTELIGENCIAS M\u00daLTIPLES<\/a><\/p>\n<p><a href=\"https:\/\/drive.google.com\/folderview?id=0B0aHyIS80voNTzJ0V0V4NGhzRVU&amp;usp=sharing\" target=\"_blank\" rel=\"noopener\">TALLER PSICOMOTRICIDAD<\/a><\/p>\n<p><a href=\"https:\/\/drive.google.com\/folderview?id=0B0aHyIS80voNSzVaN3E3cWxwRkU&amp;usp=sharing\" target=\"_blank\" rel=\"noopener\">FOTOS CENA-COMIDA<\/a><\/p>\n<h2><strong style=\"font-weight: bold;\">XVI JORNADAS DE EDUCACI\u00d3N F\u00cdSICA Y III \u00a0DE M\u00daSICA DE TERUEL- MORA DE RUBIELOS 2014<\/strong><\/h2>\n<p>ENLACES A MATERIALES DE LAS JORNADAS<\/p>\n<p><a href=\"https:\/\/drive.google.com\/file\/d\/0BxBCPtPiWppmOUJQMkVlQ2FuVXc\/view?usp=sharing\">V\u00eddeo clausura<\/a><\/p>\n<p><a href=\"https:\/\/drive.google.com\/folderview?id=0BxBCPtPiWppmfklOZ1R2X3lJM3VZRi1wQjZTb1ZTUEQ4cjRQdEh2UGg4SE5JYjNhZmhoaU0&amp;usp=sharing\">Apertura y ponencias<\/a><\/p>\n<p><a href=\"https:\/\/drive.google.com\/folderview?id=0BxBCPtPiWppmfl9iVmwyLTcwQVdpOGVlMVl3WmktbmtBQUJ0ZWRkMEljVFVaRXpFYTBlS1U&amp;usp=sharing\">Taller de geocatching<\/a><\/p>\n<p><a href=\"https:\/\/drive.google.com\/folderview?id=0BxBCPtPiWppmfm90QjA1Q3FDdndOQ28wUnFZcXZ3R0szbzRCRmhTT2RQalV0SmptV1RKUkk&amp;usp=sharing\">Taller de balonmano<\/a><\/p>\n<p><a href=\"https:\/\/drive.google.com\/folderview?id=0BxBCPtPiWppmfmpZdEIwdU9mNnJSOGRyWGRvblVUODZwbUs3OWtGQmgtbXBFM1VUeUt6Uzg&amp;usp=sharing\">Fama a bailar<\/a><\/p>\n<p><a href=\"https:\/\/drive.google.com\/folderview?id=0BxBCPtPiWppmflR3M1Z2YW9UWU5DU1RJOVU2N2tpdTZIMkd5YUJhZEZZeTlfeVFoWS11TlU&amp;usp=sharing\">M\u00fasica y movimiento<\/a><\/p>\n<p><a href=\"https:\/\/drive.google.com\/folderview?id=0BxBCPtPiWppmfmlQWHpzR0Z2anpYQ2dLOXc3d3RPTEJSOEFEYkZfTmhGVml5ZVBaV044Vm8&amp;usp=sharing\">Percusi\u00f3n corporal<\/a><\/p>\n<p><a href=\"https:\/\/drive.google.com\/folderview?id=0BxBCPtPiWppmfmoxVVp6d3BHbnFhemdveWtySWNkNG1URXh2c0VRVWViZHBHOGF0STdSaVE&amp;usp=sharing\">Psicomotricidad<\/a><\/p>\n<p><a href=\"https:\/\/drive.google.com\/folderview?id=0BxBCPtPiWppmfndVVzBoWjl3ZnJUWGRHaTdLZW9ZbEdhQV9LNXYwU0x5clZHY2Nval8xME0&amp;usp=sharing\">Taller nocturno<\/a><\/p>\n<p style=\"color: #000000;\">\n<h2><strong>XIV JORNADAS DE EDUCACI\u00d3N F\u00cdSICA Y I \u00a0DE M\u00daSICA DE TERUEL- ALCORISA 2012<\/strong><\/h2>\n<p>V\u00cdDEO DEL TALLER DE PERCUSI\u00d3N<\/p>\n<p>Descargate los archivos completos\u00a0<a href=\"https:\/\/mega.co.nz\/#F!1NAm0S6S!B2im2BbwP6kjENdpZdihIQ\">aqu\u00ed<\/a><\/p>\n<p>CONTRIBUCI\u00d3N DE LA EDUCACI\u00d3N F\u00cdSICA Y LA M\u00daSICA A LA EVALUACI\u00d3N DE LAS COMPETENCIAS B\u00c1SICAS<\/p>\n<p><a href=\"http:\/\/vimeo.com\/65410528\">Rap XIV Jornadas EF y I Jornadas de M\u00fasica. Teruel<\/a> from <a href=\"http:\/\/vimeo.com\/user18096339\">Jornadas EF y M\u00fasica<\/a> on <a href=\"http:\/\/vimeo.com\">Vimeo<\/a>.<\/p>\n<p><a href=\"http:\/\/vimeo.com\/65426397\">00005<\/a> from <a href=\"http:\/\/vimeo.com\/user18096339\">Jornadas EF y M\u00fasica<\/a> on <a href=\"http:\/\/vimeo.com\">Vimeo<\/a>.<\/p>\n","protected":false},"excerpt":{"rendered":"<p>XVII JORNADAS DE EDUCACI\u00d3N F\u00cdSICA Y IV DE M\u00daSICA DE TERUEL &#8211; TERUEL 2015 Descarga tu programa aqu\u00ed ENLACES A LOS MATERIALES DE LAS JORNADAS INAUGURACI\u00d3N PONENCIA LOMCE J. JULI\u00c1N MACROTALLER SALSA Y BACHATA PONENCIA APPS PARA EL AULA DE &hellip; <a href=\"https:\/\/efisimusi.catedu.es\/?page_id=15\">Sigue leyendo <span class=\"meta-nav\">&rarr;<\/span><\/a><\/p>\n","protected":false},"author":951,"featured_media":0,"parent":0,"menu_order":0,"comment_status":"open","ping_status":"open","template":"","meta":{"_monsterinsights_skip_tracking":false,"_monsterinsights_sitenote_active":false,"_monsterinsights_sitenote_note":"","_monsterinsights_sitenote_category":0,"footnotes":""},"class_list":["post-15","page","type-page","status-publish","hentry"],"_links":{"self":[{"href":"https:\/\/efisimusi.catedu.es\/index.php?rest_route=\/wp\/v2\/pages\/15","targetHints":{"allow":["GET"]}}],"collection":[{"href":"https:\/\/efisimusi.catedu.es\/index.php?rest_route=\/wp\/v2\/pages"}],"about":[{"href":"https:\/\/efisimusi.catedu.es\/index.php?rest_route=\/wp\/v2\/types\/page"}],"author":[{"embeddable":true,"href":"https:\/\/efisimusi.catedu.es\/index.php?rest_route=\/wp\/v2\/users\/951"}],"replies":[{"embeddable":true,"href":"https:\/\/efisimusi.catedu.es\/index.php?rest_route=%2Fwp%2Fv2%2Fcomments&post=15"}],"version-history":[{"count":28,"href":"https:\/\/efisimusi.catedu.es\/index.php?rest_route=\/wp\/v2\/pages\/15\/revisions"}],"predecessor-version":[{"id":598,"href":"https:\/\/efisimusi.catedu.es\/index.php?rest_route=\/wp\/v2\/pages\/15\/revisions\/598"}],"wp:attachment":[{"href":"https:\/\/efisimusi.catedu.es\/index.php?rest_route=%2Fwp%2Fv2%2Fmedia&parent=15"}],"curies":[{"name":"wp","href":"https:\/\/api.w.org\/{rel}","templated":true}]}}